{"id":6062,"date":"2023-11-21T12:57:30","date_gmt":"2023-11-21T11:57:30","guid":{"rendered":"https:\/\/www.waterholistic.com\/?page_id=6062"},"modified":"2024-01-23T16:08:33","modified_gmt":"2024-01-23T15:08:33","slug":"cookie-policy-sk","status":"publish","type":"page","link":"https:\/\/www.waterholistic.com\/sk\/cookie-policy-sk\/","title":{"rendered":"Cookie Policy"},"content":{"rendered":"\n[et_pb_section fb_built=&#8221;1&#8243; next_background_color=&#8221;#ffffff&#8221; _builder_version=&#8221;4.9.0&#8243; _module_preset=&#8221;default&#8221; background_image=&#8221;https:\/\/www.waterholistic.com\/wp-content\/uploads\/2023\/09\/Asset-21.png&#8221; custom_padding=&#8221;||55px|||&#8221; bottom_divider_style=&#8221;wave&#8221; bottom_divider_height=&#8221;55px&#8221;][et_pb_row _builder_version=&#8221;4.9.0&#8243; _module_preset=&#8221;default&#8221;][et_pb_column type=&#8221;4_4&#8243; _builder_version=&#8221;4.9.0&#8243; _module_preset=&#8221;default&#8221;][et_pb_text _builder_version=&#8221;4.9.0&#8243; _module_preset=&#8221;default&#8221; text_font=&#8221;Signika|700|||||||&#8221; text_text_color=&#8221;#FFFFFF&#8221; text_font_size=&#8221;45px&#8221; header_text_color=&#8221;#FFFFFF&#8221; min_height=&#8221;46px&#8221; custom_margin=&#8221;9px|||||&#8221; custom_padding=&#8221;||7px|||&#8221;]<p>Cookie policy<\/p>[\/et_pb_text][\/et_pb_column][\/et_pb_row][\/et_pb_section][et_pb_section fb_built=&#8221;1&#8243; admin_label=&#8221;Page Header&#8221; _builder_version=&#8221;4.9.0&#8243; background_enable_image=&#8221;off&#8221; custom_padding=&#8221;30px|0px|67.1875px|0px|false|false&#8221; animation_style=&#8221;zoom&#8221; animation_intensity_zoom=&#8221;4%&#8221;][et_pb_row _builder_version=&#8221;4.9.0&#8243; _module_preset=&#8221;default&#8221;][et_pb_column type=&#8221;4_4&#8243; _builder_version=&#8221;4.9.0&#8243; _module_preset=&#8221;default&#8221;][et_pb_text _builder_version=&#8221;4.9.0&#8243; _module_preset=&#8221;default&#8221; text_font=&#8221;Signika||||||||&#8221; text_text_color=&#8221;#000000&#8243; text_font_size=&#8221;16px&#8221; header_font=&#8221;Signika||||||||&#8221; header_text_color=&#8221;#000000&#8243; header_font_size=&#8221;20px&#8221; hover_enabled=&#8221;0&#8243; sticky_enabled=&#8221;0&#8243;]<h1><strong>\u010co s\u00fa s\u00fabory cookie?<\/strong><\/h1>\n<p>S\u00fabory cookie s\u00fa mal\u00e9 textov\u00e9 s\u00fabory, ktor\u00e9\u00a0sa pri\u00a0n\u00e1v\u0161teve webovej str\u00e1nky m\u00f4\u017eu ulo\u017ei\u0165 do\u00a0v\u00e1\u0161ho prehliada\u010da, aby\u00a0ich dan\u00e1 str\u00e1nka mohla pre\u010d\u00edta\u0165 pri\u00a0va\u0161ej \u010fal\u0161ej n\u00e1v\u0161teve. Inform\u00e1cie zhroma\u017e\u010fovan\u00e9 v\u00a0s\u00faboroch cookie sa m\u00f4\u017eu t\u00fdka\u0165 v\u00e1s, v\u00e1\u0161ho zariadenia alebo preferenci\u00ed, zvy\u010dajne v\u00e1s v\u0161ak priamo neidentifikuj\u00fa a\u00a0ich predmetom nie s\u00fa osobn\u00e9 \u00fadaje. Niektor\u00e9 s\u00fabory cookie s\u00fa nevyhnutn\u00e9 k\u00a0tomu, aby\u00a0webov\u00e1 str\u00e1nka alebo konkr\u00e9tna slu\u017eba mohla spr\u00e1vne fungova\u0165 a\u00a0mala primeran\u00fa \u00farove\u0148 zabezpe\u010denia. In\u00e9 sa zasa m\u00f4\u017eu pou\u017e\u00edva\u0165 na\u00a0odli\u0161n\u00e9 \u00fa\u010dely, napr\u00edklad na\u00a0prisp\u00f4sobenie webovej str\u00e1nky pou\u017e\u00edvate\u013eovi, anal\u00fdzu n\u00e1v\u0161tevnosti webu alebo na\u00a0online reklamu produktov \u010di\u00a0slu\u017eieb. V\u0161etky s\u00fabory cookie, ktor\u00e9\u00a0pou\u017e\u00edvame, sme rozdelili do\u00a0kateg\u00f3ri\u00ed na\u00a0z\u00e1klade ich \u00fa\u010delu, ako\u00a0m\u00f4\u017eete vidie\u0165 v\u00a0sekcii Kateg\u00f3rie pou\u017e\u00edvan\u00fdch s\u00faborov cookie. V\u00a0sekcii S\u00fabory cookie pou\u017e\u00edvan\u00e9 touto webovou str\u00e1nkou n\u00e1jdete zoznam jednotliv\u00fdch s\u00faborov cookie, ktor\u00e9\u00a0sa pou\u017e\u00edvaj\u00fa na\u00a0tejto webovej str\u00e1nke, spolu s\u00a0inform\u00e1ciou o\u00a0ich \u00fa\u010dele a\u00a0platnosti.<\/p>\n<p>&nbsp;<\/p>\n<h1><strong>Typy s\u00faborov cookie<\/strong><\/h1>\n<p>V\u00a0nasleduj\u00facich sekci\u00e1ch textu rozli\u0161ujeme medzi \u201es\u00fabormi cookie prvej strany\u201c, ktor\u00e9\u00a0s\u00fa nastaven\u00e9 spolo\u010dnos\u0165ou Water Holistic, a\u00a0\u201es\u00fabormi cookie tret\u00edch str\u00e1n\u201c, ktor\u00e9\u00a0vytv\u00e1raj\u00fa partneri spolo\u010dnosti Water Holistic. Na\u0161imi partnermi s\u00fa tretie strany, ktor\u00e9\u00a0n\u00e1m poskytuj\u00fa extern\u00e9 slu\u017eby pre\u00a0na\u0161u webov\u00fa str\u00e1nku, zvy\u010dajne ide o\u00a0analytick\u00e9 alebo marketingov\u00e9 slu\u017eby. Okrem toho rozli\u0161ujeme aj\u00a0medzi \u201erela\u010dn\u00fdmi\u201c s\u00fabormi cookie, ktor\u00fdch platnos\u0165 je obmedzen\u00e1 na\u00a0trvanie va\u0161ej rel\u00e1cie na\u00a0na\u0161ej webovej str\u00e1nke, a\u00a0\u201etrval\u00fdmi\u201c s\u00fabormi cookie, ktor\u00e9 sa v\u00a0prehliada\u010di ukladaj\u00fa na\u00a0dlh\u0161ie \u010dasov\u00e9 obdobie (ako je uveden\u00e9 ni\u017e\u0161ie), aby\u00a0ich na\u0161a str\u00e1nka mohla pre\u010d\u00edta\u0165 pri\u00a0va\u0161ej \u010fal\u0161ej n\u00e1v\u0161teve. Nastavenia s\u00faborov cookie tret\u00edch str\u00e1n spravuj\u00fa tretie strany.<\/p>\n<p>&nbsp;<\/p>\n<h2><strong>Kateg\u00f3rie pou\u017e\u00edvan\u00fdch s\u00faborov cookie<\/strong><\/h2>\n<h1><strong>Z\u00e1kladn\u00e9 s\u00fabory cookie:<\/strong><\/h1>\n<p>Tieto s\u00fabory cookie prvej strany s\u00fa nevyhnutn\u00e9 na\u00a0spr\u00e1vne fungovanie a\u00a0zabezpe\u010denie na\u0161ej webovej str\u00e1nky a\u00a0po\u017eadovan\u00fdch slu\u017eieb. Zvy\u010dajne sa nastavia na\u00a0z\u00e1klade va\u0161ej akcie a\u00a0umo\u017e\u0148uj\u00fa vyu\u017e\u00edvanie funkci\u00ed, ako je napr\u00edklad zapam\u00e4tanie si preferenci\u00ed pre cookies, prihl\u00e1senie sa \u010di ulo\u017eenie polo\u017eiek v\u00a0n\u00e1kupnom ko\u0161\u00edku. Str\u00e1nka si vy\u017eaduje s\u00fahlas s\u00a0t\u00fdmito s\u00fabormi cookie, ich blokovanie v\u00a0prehliada\u010di m\u00f4\u017ee ovplyvni\u0165 funk\u010dnos\u0165 n\u00e1\u0161ho webu.<\/p>\n<p>&nbsp;<\/p>\n<h1><strong>Z\u00e1kladn\u00e9 analytick\u00e9 s\u00fabory cookie:<\/strong><\/h1>\n<p>Tieto s\u00fabory cookie prvej strany n\u00e1m umo\u017e\u0148uj\u00fa mera\u0165 po\u010det n\u00e1v\u0161tevn\u00edkov\/pou\u017e\u00edvate\u013eov na\u0161ej webovej str\u00e1nky. Niektor\u00e9 zhroma\u017eden\u00e9 \u00fadaje, ktor\u00e9 nie s\u00fa citliv\u00e9 (ako napr\u00edklad krajina, prehliada\u010d a\u00a0typ zariadenia, IP\u00a0adresa s\u00a0anonymizovan\u00fdmi posledn\u00fdmi tromi \u010d\u00edslicami a\u00a0ID\u00a0s\u00faborov cookie pou\u017e\u00edvate\u013ea, ktor\u00e9 je v\u00a0pr\u00edpade pr\u00edslu\u0161nej webovej str\u00e1nky jedine\u010dn\u00e9), zdie\u013eame s\u00a0na\u0161imi d\u00f4veryhodn\u00fdmi partnermi, s\u00a0pomocou ktor\u00fdch vytv\u00e1rame agregovan\u00e9 \u0161tatistiky pou\u017e\u00edvania a\u00a0v\u00fdkonnosti. Tieto s\u00fabory cookie pou\u017e\u00edvame na\u00a0to, aby\u00a0sme z\u00edskali z\u00e1kladn\u00fd preh\u013ead o\u00a0n\u00e1v\u0161tevnosti n\u00e1\u0161ho webu a\u00a0\u00fa\u010dinnosti na\u0161ich kampan\u00ed. Ke\u010f\u017ee sa pomocou t\u00fdchto s\u00faborov cookie daj\u00fa vykon\u00e1va\u0165 iba anal\u00fdzy na\u00a0n\u00edzkej \u00farovni a\u00a0ke\u010f\u017ee neumo\u017e\u0148uj\u00fa sledovanie medzi webov\u00fdmi str\u00e1nkami ani\u00a0profilovanie n\u00e1v\u0161tevn\u00edkov na\u0161ich str\u00e1nok, v\u00a0prehliada\u010di s\u00fa predvolene zapnut\u00e9, pokia\u013e ich\u00a0nevypnete. Ak\u00a0sa ich\u00a0rozhodnete vypn\u00fa\u0165, budeme ma\u0165 ve\u013emi obmedzen\u00e9 mo\u017enosti monitorovania v\u00fdkonnosti na\u0161ej webovej str\u00e1nky a\u00a0kampan\u00ed.<\/p>\n<p>&nbsp;<\/p>\n<h1><strong>Roz\u0161\u00edren\u00e9 analytick\u00e9 s\u00fabory cookie:<\/strong><\/h1>\n<p>Tieto s\u00fabory cookie prvej alebo tretej strany n\u00e1m poskytuj\u00fa preh\u013ead o\u00a0tom, ako\u00a0n\u00e1v\u0161tevn\u00edci pracuj\u00fa s\u00a0webovou str\u00e1nkou a\u00a0pon\u00fakan\u00fdmi slu\u017ebami, a\u00a0to v\u010faka roz\u0161irovaniu na\u0161ich d\u00e1t o\u00a0\u00fadaje z\u00a0n\u00e1strojov tret\u00edch str\u00e1n. Pou\u017e\u00edvame ich na\u00a0zlep\u0161ovanie n\u00e1\u0161ho webu, slu\u017eieb a\u00a0pou\u017e\u00edvate\u013esk\u00e9ho prostredia, na\u00a0h\u013eadanie a\u00a0rie\u0161enie ch\u00fdb \u010di in\u00fdch s\u00favisiacich probl\u00e9mov, ako\u00a0aj na\u00a0vyhodnocovanie \u00fa\u010dinnosti na\u0161ich kampan\u00ed. Tieto s\u00fabory cookie bud\u00fa ulo\u017een\u00e9 vo\u00a0va\u0161om prehliada\u010di len v\u00a0pr\u00edpade, \u017ee\u00a0n\u00e1m udel\u00edte s\u00fahlas s\u00a0ich pou\u017e\u00edvan\u00edm. Ak\u00a0sa rozhodnete analytick\u00e9 s\u00fabory cookie neods\u00fahlasi\u0165, budeme ma\u0165 obmedzen\u00e9 mo\u017enosti monitorovania v\u00fdkonnosti na\u0161ej str\u00e1nky a\u00a0kampan\u00ed.<\/p>\n<p>&nbsp;<\/p>\n<h1><strong>Marketingov\u00e9 s\u00fabory cookie:<\/strong><\/h1>\n<p>Tieto s\u00fabory cookie tret\u00edch str\u00e1n umo\u017e\u0148uj\u00fa na\u0161im marketingov\u00fdm partnerom sledova\u0165 niektor\u00e9 \u010dinnosti na\u00a0na\u0161ej str\u00e1nke, napr\u00edklad ke\u010f si s\u0165ahujete alebo kupujete n\u00e1\u0161 produkt. Prep\u00e1jan\u00edm tak\u00fdchto \u00fadajov partneri vytvoria profil zodpovedaj\u00faci va\u0161im z\u00e1ujmom, preferenci\u00e1m a\u00a0potreb\u00e1m, aby\u00a0v\u00e1m n\u00e1sledne vedeli zobrazova\u0165 relevantn\u00e9 reklamy na\u00a0in\u00fdch weboch. Marketingov\u00e9 s\u00fabory cookie bud\u00fa ulo\u017een\u00e9 vo\u00a0va\u0161om prehliada\u010di len v\u00a0pr\u00edpade, \u017ee\u00a0n\u00e1m udel\u00edte s\u00fahlas s\u00a0ich pou\u017e\u00edvan\u00edm. Ak\u00a0sa ich rozhodnete neods\u00fahlasi\u0165, bude sa v\u00e1m zobrazova\u0165 menej cielen\u00e1 online reklama.<\/p>\n<p>&nbsp;<\/p>\n<h3><strong>Spr\u00e1va s\u00faborov cookie na\u00a0va\u0161om zariaden\u00ed<\/strong><\/h3>\n<p>O zhroma\u017e\u010fovan\u00ed analytick\u00fdch s\u00faborov cookie ste informovan\u00ed hne\u010f po pr\u00edchode na webov\u00fa str\u00e1nku, kde potvrd\u00edte, \u017ee ste si vedom\u00ed podmienok Z\u00e1sad pou\u017e\u00edvania s\u00faborov cookie a Z\u00e1sad ochrany osobn\u00fdch \u00fadajov. Tieto s\u00fabory cookie m\u00f4\u017eete manu\u00e1lne vymaza\u0165 alebo zobrazi\u0165 prostredn\u00edctvom nastaven\u00ed svojho prehliada\u010da.<\/p>\n<p>&nbsp;<\/p>\n<h3><strong>Zmeny v\u00a0z\u00e1sad\u00e1ch pou\u017e\u00edvania s\u00faborov cookie<\/strong><\/h3>\n<p>Tieto z\u00e1sady pou\u017e\u00edvania s\u00faborov cookie m\u00f4\u017eeme pr\u00edle\u017eitostne upravova\u0165, aby\u00a0odr\u00e1\u017eali zmeny na\u00a0na\u0161ej webovej str\u00e1nke, v\u00a0poskytovan\u00fdch slu\u017eb\u00e1ch alebo v\u00a0pou\u017e\u00edvan\u00fdch postupoch. Pri\u00a0ka\u017edej takejto \u00faprave zmen\u00edme aj\u00a0d\u00e1tum poslednej aktualiz\u00e1cie uveden\u00fd v\u00a0hornej \u010dasti t\u00fdchto z\u00e1sad pou\u017e\u00edvania s\u00faborov cookie. Bez oh\u013eadu na\u00a0uveden\u00e9 skuto\u010dnosti sa m\u00f4\u017eu podrobnosti v\u00a0sekcii \u201eS\u00fabory cookie pou\u017e\u00edvan\u00e9 touto webovou str\u00e1nkou\u201c kedyko\u013evek zmeni\u0165. Preto s\u00fa v\u00fdslovne platn\u00e9 k\u00a0d\u00e1tumu nadobudnutia \u00fa\u010dinnosti t\u00fdchto z\u00e1sad pou\u017e\u00edvania s\u00faborov cookie.<\/p>\n<p>&nbsp;<\/p>[\/et_pb_text][\/et_pb_column][\/et_pb_row][\/et_pb_section]\n","protected":false},"excerpt":{"rendered":"","protected":false},"author":7,"featured_media":0,"parent":0,"menu_order":0,"comment_status":"closed","ping_status":"closed","template":"","meta":{"_et_pb_use_builder":"on","_et_pb_old_content":"","_et_gb_content_width":"","_editorskit_title_hidden":false,"_editorskit_reading_time":0,"_editorskit_is_block_options_detached":false,"_editorskit_block_options_position":"{}","_monsterinsights_skip_tracking":false,"_monsterinsights_sitenote_active":false,"_monsterinsights_sitenote_note":"","_monsterinsights_sitenote_category":0},"yoast_head":"<!-- This site is optimized with the Yoast SEO plugin v15.8 - https:\/\/yoast.com\/wordpress\/plugins\/seo\/ -->\n<title>Cookie Policy \u2013 Water Holistic<\/title>\n<meta name=\"description\" content=\"V tejto sekcii cookie n\u00e1jdete zoznam s\u00faborov cookie, ktor\u00e9 sa pou\u017e\u00edvaj\u00fa na tejto webovej str\u00e1nke, spolu s inform\u00e1ciou o \u00fa\u010dele a platnosti.\" \/>\n<meta name=\"robots\" content=\"index, follow, max-snippet:-1, max-image-preview:large, max-video-preview:-1\" \/>\n<link rel=\"canonical\" href=\"https:\/\/www.waterholistic.com\/sk\/cookie-policy-sk\/\" \/>\n<meta property=\"og:locale\" content=\"sk_SK\" \/>\n<meta property=\"og:type\" content=\"article\" \/>\n<meta property=\"og:title\" content=\"Cookie Policy \u2013 Water Holistic\" \/>\n<meta property=\"og:description\" content=\"V tejto sekcii cookie n\u00e1jdete zoznam s\u00faborov cookie, ktor\u00e9 sa pou\u017e\u00edvaj\u00fa na tejto webovej str\u00e1nke, spolu s inform\u00e1ciou o \u00fa\u010dele a platnosti.\" \/>\n<meta property=\"og:url\" content=\"https:\/\/www.waterholistic.com\/sk\/cookie-policy-sk\/\" \/>\n<meta property=\"og:site_name\" content=\"waterholistic.com\" \/>\n<meta property=\"article:modified_time\" content=\"2024-01-23T15:08:33+00:00\" \/>\n<meta name=\"twitter:card\" content=\"summary_large_image\" \/>\n<meta name=\"twitter:label1\" content=\"Predpokladan\u00fd \u010das \u010d\u00edtania\">\n\t<meta name=\"twitter:data1\" content=\"4 min\u00faty\">\n<script type=\"application\/ld+json\" class=\"yoast-schema-graph\">{\"@context\":\"https:\/\/schema.org\",\"@graph\":[{\"@type\":\"WebSite\",\"@id\":\"https:\/\/www.waterholistic.com\/#website\",\"url\":\"https:\/\/www.waterholistic.com\/\",\"name\":\"waterholistic.com\",\"description\":\"Manage rainwater efficiently, protect yourself from extreme weather and save money.\",\"potentialAction\":[{\"@type\":\"SearchAction\",\"target\":\"https:\/\/www.waterholistic.com\/?s={search_term_string}\",\"query-input\":\"required name=search_term_string\"}],\"inLanguage\":\"sk-SK\"},{\"@type\":\"WebPage\",\"@id\":\"https:\/\/www.waterholistic.com\/sk\/cookie-policy-sk\/#webpage\",\"url\":\"https:\/\/www.waterholistic.com\/sk\/cookie-policy-sk\/\",\"name\":\"Cookie Policy \\u2013 Water Holistic\",\"isPartOf\":{\"@id\":\"https:\/\/www.waterholistic.com\/#website\"},\"datePublished\":\"2023-11-21T11:57:30+00:00\",\"dateModified\":\"2024-01-23T15:08:33+00:00\",\"description\":\"V tejto sekcii cookie n\\u00e1jdete zoznam s\\u00faborov cookie, ktor\\u00e9 sa pou\\u017e\\u00edvaj\\u00fa na tejto webovej str\\u00e1nke, spolu s inform\\u00e1ciou o \\u00fa\\u010dele a platnosti.\",\"breadcrumb\":{\"@id\":\"https:\/\/www.waterholistic.com\/sk\/cookie-policy-sk\/#breadcrumb\"},\"inLanguage\":\"sk-SK\",\"potentialAction\":[{\"@type\":\"ReadAction\",\"target\":[\"https:\/\/www.waterholistic.com\/sk\/cookie-policy-sk\/\"]}]},{\"@type\":\"BreadcrumbList\",\"@id\":\"https:\/\/www.waterholistic.com\/sk\/cookie-policy-sk\/#breadcrumb\",\"itemListElement\":[{\"@type\":\"ListItem\",\"position\":1,\"item\":{\"@type\":\"WebPage\",\"@id\":\"https:\/\/www.waterholistic.com\/sk\/\",\"url\":\"https:\/\/www.waterholistic.com\/sk\/\",\"name\":\"Home\"}},{\"@type\":\"ListItem\",\"position\":2,\"item\":{\"@type\":\"WebPage\",\"@id\":\"https:\/\/www.waterholistic.com\/sk\/cookie-policy-sk\/\",\"url\":\"https:\/\/www.waterholistic.com\/sk\/cookie-policy-sk\/\",\"name\":\"Cookie Policy\"}}]}]}<\/script>\n<!-- \/ Yoast SEO plugin. -->","_links":{"self":[{"href":"https:\/\/www.waterholistic.com\/sk\/wp-json\/wp\/v2\/pages\/6062"}],"collection":[{"href":"https:\/\/www.waterholistic.com\/sk\/wp-json\/wp\/v2\/pages"}],"about":[{"href":"https:\/\/www.waterholistic.com\/sk\/wp-json\/wp\/v2\/types\/page"}],"author":[{"embeddable":true,"href":"https:\/\/www.waterholistic.com\/sk\/wp-json\/wp\/v2\/users\/7"}],"replies":[{"embeddable":true,"href":"https:\/\/www.waterholistic.com\/sk\/wp-json\/wp\/v2\/comments?post=6062"}],"version-history":[{"count":5,"href":"https:\/\/www.waterholistic.com\/sk\/wp-json\/wp\/v2\/pages\/6062\/revisions"}],"predecessor-version":[{"id":7721,"href":"https:\/\/www.waterholistic.com\/sk\/wp-json\/wp\/v2\/pages\/6062\/revisions\/7721"}],"wp:attachment":[{"href":"https:\/\/www.waterholistic.com\/sk\/wp-json\/wp\/v2\/media?parent=6062"}],"curies":[{"name":"wp","href":"https:\/\/api.w.org\/{rel}","templated":true}]}}