{"id":6018,"date":"2023-11-19T13:39:18","date_gmt":"2023-11-19T12:39:18","guid":{"rendered":"https:\/\/www.waterholistic.com\/?page_id=6018"},"modified":"2024-02-16T10:25:59","modified_gmt":"2024-02-16T09:25:59","slug":"kontakt","status":"publish","type":"page","link":"https:\/\/www.waterholistic.com\/sk\/kontakt\/","title":{"rendered":"Kontakt"},"content":{"rendered":"<p>[et_pb_section fb_built=&#8221;1&#8243; next_background_color=&#8221;#ffffff&#8221; _builder_version=&#8221;4.9.0&#8243; background_enable_color=&#8221;off&#8221; background_image=&#8221;https:\/\/www.waterholistic.com\/wp-content\/uploads\/2023\/09\/Asset-21.png&#8221; min_height=&#8221;176px&#8221; custom_padding=&#8221;0px|0px|30px|0px|false|false&#8221; bottom_divider_style=&#8221;wave&#8221; bottom_divider_height=&#8221;82px&#8221; animation_style=&#8221;zoom&#8221; animation_intensity_zoom=&#8221;4%&#8221;][et_pb_row _builder_version=&#8221;4.9.0&#8243; _module_preset=&#8221;default&#8221; custom_margin=&#8221;|auto|26px|auto||&#8221; custom_padding=&#8221;53px|||||&#8221;][et_pb_column type=&#8221;4_4&#8243; _builder_version=&#8221;4.9.0&#8243; _module_preset=&#8221;default&#8221;][et_pb_text _builder_version=&#8221;4.9.0&#8243; _module_preset=&#8221;default&#8221; text_font=&#8221;Signika|600|||||||&#8221; text_text_color=&#8221;#FFFFFF&#8221; text_font_size=&#8221;45px&#8221; text_line_height=&#8221;1.2em&#8221; header_font=&#8221;Signika|600|||||||&#8221; header_text_color=&#8221;#FFFFFF&#8221; header_font_size=&#8221;45px&#8221; header_line_height=&#8221;1.2em&#8221; module_alignment=&#8221;center&#8221; custom_padding=&#8221;||30px||false|false&#8221;]<\/p>\n<h1 style=\"text-align: left;\">Kontaktujte n\u00e1s<\/h1>\n<p>[\/et_pb_text][\/et_pb_column][\/et_pb_row][\/et_pb_section][et_pb_section fb_built=&#8221;1&#8243; admin_label=&#8221;Contact Section&#8221; _builder_version=&#8221;4.9.0&#8243; background_enable_image=&#8221;off&#8221; parallax=&#8221;on&#8221; min_height=&#8221;451px&#8221; custom_margin=&#8221;10px|||||&#8221; custom_padding=&#8221;0px||0px|||&#8221;][et_pb_row column_structure=&#8221;1_2,1_2&#8243; admin_label=&#8221;Contact Area&#8221; _builder_version=&#8221;4.9.0&#8243; animation_style=&#8221;zoom&#8221; animation_intensity_zoom=&#8221;20%&#8221;][et_pb_column type=&#8221;1_2&#8243; _builder_version=&#8221;3.25&#8243; custom_padding=&#8221;|||&#8221; custom_padding__hover=&#8221;|||&#8221;][et_pb_text _builder_version=&#8221;4.9.0&#8243; text_font=&#8221;Signika||||||||&#8221; text_text_color=&#8221;#000000&#8243; text_font_size=&#8221;18px&#8221; text_line_height=&#8221;1.8em&#8221; link_font=&#8221;||||on|||rgba(16,14,255,0)|double&#8221; link_text_color=&#8221;#353740&#8243; header_font=&#8221;Signika||||||||&#8221; header_font_size=&#8221;31px&#8221; header_2_font=&#8221;Signika||||||||&#8221; header_2_font_size=&#8221;35px&#8221; header_4_font=&#8221;Signika|600|||||||&#8221; header_4_text_color=&#8221;#100eff&#8221; header_4_font_size=&#8221;24px&#8221; header_4_line_height=&#8221;1.9em&#8221; header_5_font_size=&#8221;18px&#8221; custom_padding=&#8221;|||30px||&#8221; animation_style=&#8221;zoom&#8221; animation_intensity_zoom=&#8221;20%&#8221;]<\/p>\n<h4>WaterHolistic s.r.o.<\/h4>\n<h5><span class=\"ra\">\u010cerme\u013esk\u00e1 cesta<span>\u00a0<\/span><\/span><span><\/span><span class=\"ra\">1439\/24<\/span><\/h5>\n<h5><span class=\"ra\">040 01 Ko\u0161ice<\/span><\/h5>\n<h5><a href=\"mailto:info@waterholistic.com\">info@waterholistic.com<\/a><\/h5>\n<p>&nbsp;<\/p>\n<p>[\/et_pb_text][et_pb_text _builder_version=&#8221;4.9.0&#8243; text_font=&#8221;Signika||||||||&#8221; text_text_color=&#8221;#000000&#8243; text_font_size=&#8221;20px&#8221; text_line_height=&#8221;1.8em&#8221; link_font=&#8221;||||on|||rgba(16,14,255,0)|double&#8221; link_text_color=&#8221;#353740&#8243; ul_text_color=&#8221;#000000&#8243; ol_text_color=&#8221;#000000&#8243; header_font=&#8221;Signika||||||||&#8221; header_text_color=&#8221;#000000&#8243; header_2_font=&#8221;Signika||||||||&#8221; header_4_font=&#8221;Signika|600|||||||&#8221; header_4_text_color=&#8221;#000000&#8243; header_4_font_size=&#8221;22px&#8221; header_4_line_height=&#8221;1.9em&#8221; header_5_font=&#8221;Signika||||||||&#8221; header_5_font_size=&#8221;18px&#8221; custom_padding=&#8221;|||30px||&#8221; animation_style=&#8221;zoom&#8221; animation_intensity_zoom=&#8221;20%&#8221;]<\/p>\n<h4>Kontaktn\u00e9 \u00fadaje t\u00edmu:<\/h4>\n<h5><strong>Michal Krav\u010d\u00edk<\/strong><\/h5>\n<h5>Co-founder<\/h5>\n<h5>+421\u00a0905\u00a0482\u00a0099<\/h5>\n<h5><a href=\"mailto:michal@waterholistic.com\">michal@waterholistic.com<\/a><\/h5>\n<p>&nbsp;<\/p>\n<h5><strong>Du\u0161an Tr\u00e1vni\u010dek<\/strong><\/h5>\n<h5>Co-founder<\/h5>\n<h5>+421 908 992 147<\/h5>\n<h5><a href=\"mailto:michal@waterholistic.com\">dusan@waterholistic.com<\/a><\/h5>\n<p>&nbsp;<\/p>\n<h5><strong>Danka Krav\u010d\u00edkov\u00e1<\/strong><\/h5>\n<h5>Co-founder<\/h5>\n<h5>+421 908 322 135<\/h5>\n<h5><a href=\"mailto:michal@waterholistic.com\">danka@waterholistic.com<\/a><\/h5>\n<p>&nbsp;<\/p>\n<h5><strong>Zuzka Mulkerin<\/strong><\/h5>\n<h5>Consultant<\/h5>\n<h5>+1-973-670-8534<\/h5>\n<h5><a href=\"mailto:michal@waterholistic.com\">zuzka@waterholistic.com<\/a><\/h5>\n<h5><a href=\"mailto:michal@waterholistic.com\"><\/a><\/h5>\n<p><a href=\"mailto:michal@waterholistic.com\"><\/a><\/p>\n<p>[\/et_pb_text][\/et_pb_column][et_pb_column type=&#8221;1_2&#8243; _builder_version=&#8221;4.9.0&#8243; _module_preset=&#8221;default&#8221;][et_pb_code _builder_version=&#8221;4.9.0&#8243; _module_preset=&#8221;default&#8221;]<iframe src=\"https:\/\/www.google.com\/maps\/embed?pb=!1m18!1m12!1m3!1d2631.1865380579798!2d21.24042586347465!3d48.740133371308396!2m3!1f0!2f0!3f0!3m2!1i1024!2i768!4f13.1!3m3!1m2!1s0x473ee0fa762d03e5%3A0xbfd8afda3ddee6f5!2zxIxlcm1lxL5za8OhIGNlc3RhIDE0MzkvMjQsIDA0MCAwMSBLb8WhaWNl!5e0!3m2!1ssk!2ssk!4v1694767460336!5m2!1ssk!2ssk\" width=\"600\" height=\"450\" style=\"border:0;\" allowfullscreen=\"\" loading=\"lazy\" referrerpolicy=\"no-referrer-when-downgrade\"><\/iframe>[\/et_pb_code][\/et_pb_column][\/et_pb_row][\/et_pb_section][et_pb_section fb_built=&#8221;1&#8243; prev_background_color=&#8221;#ffffff&#8221; admin_label=&#8221;Contact Form Section&#8221; _builder_version=&#8221;4.9.0&#8243; background_enable_color=&#8221;off&#8221; background_image=&#8221;https:\/\/www.waterholistic.com\/wp-content\/uploads\/2023\/09\/pzadie-vlnky-2.png&#8221; custom_padding=&#8221;0px||0px|||&#8221; top_divider_style=&#8221;wave&#8221; animation_direction=&#8221;bottom&#8221; saved_tabs=&#8221;all&#8221;][et_pb_row admin_label=&#8221;Service Section Title&#8221; _builder_version=&#8221;4.9.0&#8243; custom_margin=&#8221;||40px|&#8221; custom_padding=&#8221;131px||0px|||&#8221; animation_style=&#8221;fade&#8221; animation_direction=&#8221;top&#8221; locked=&#8221;off&#8221;][et_pb_column type=&#8221;4_4&#8243; _builder_version=&#8221;3.25&#8243; custom_padding=&#8221;|||&#8221; custom_padding__hover=&#8221;|||&#8221;][et_pb_text admin_label=&#8221;Subtitle&#8221; _builder_version=&#8221;4.9.0&#8243; text_font=&#8221;Signika|600|||||||&#8221; text_text_color=&#8221;#00e8b5&#8243; text_font_size=&#8221;45px&#8221; text_line_height=&#8221;1em&#8221; header_font=&#8221;||||||||&#8221; background_size=&#8221;initial&#8221; background_position=&#8221;top_left&#8221; background_repeat=&#8221;repeat&#8221; text_orientation=&#8221;center&#8221; max_width=&#8221;700px&#8221; module_alignment=&#8221;center&#8221; custom_margin=&#8221;|||&#8221; animation_style=&#8221;slide&#8221; animation_direction=&#8221;bottom&#8221; animation_delay=&#8221;100ms&#8221; animation_intensity_slide=&#8221;4%&#8221;]<\/p>\n<p>Kontaktujte n\u00e1s<\/p>\n<p>[\/et_pb_text][et_pb_text admin_label=&#8221;Subtitle&#8221; _builder_version=&#8221;4.9.0&#8243; text_font=&#8221;Signika||||||||&#8221; text_text_color=&#8221;#FFFFFF&#8221; text_font_size=&#8221;18px&#8221; text_line_height=&#8221;1.3em&#8221; header_font=&#8221;||||||||&#8221; background_size=&#8221;initial&#8221; background_position=&#8221;top_left&#8221; background_repeat=&#8221;repeat&#8221; text_orientation=&#8221;center&#8221; max_width=&#8221;700px&#8221; module_alignment=&#8221;center&#8221; custom_margin=&#8221;|||&#8221; animation_style=&#8221;slide&#8221; animation_direction=&#8221;bottom&#8221; animation_delay=&#8221;100ms&#8221; animation_intensity_slide=&#8221;4%&#8221; hover_enabled=&#8221;0&#8243; sticky_enabled=&#8221;0&#8243;]<\/p>\n<p>V pr\u00edpade ak\u00fdch ko\u013evek ot\u00e1zok n\u00e1s nev\u00e1hajte kontaktova\u0165 cez formul\u00e1r alebo mail info@waterholistic.com<\/p>\n<p>[\/et_pb_text][\/et_pb_column][\/et_pb_row][et_pb_row admin_label=&#8221;Contact Form&#8221; _builder_version=&#8221;3.25&#8243; custom_padding=&#8221;0px||150px|||&#8221; animation_style=&#8221;fade&#8221;][et_pb_column type=&#8221;4_4&#8243; _builder_version=&#8221;3.25&#8243; custom_padding=&#8221;|||&#8221; custom_padding__hover=&#8221;|||&#8221;][et_pb_contact_form email=&#8221;info@waterholistic.com&#8221; custom_message=&#8221;%%Name%%||et_pb_line_break_holder||%%Email%%||et_pb_line_break_holder||%%Message%%&#8221; success_message=&#8221;\u010eakujeme za va\u0161u spr\u00e1vu :)&#8221; submit_button_text=&#8221;Odosla\u0165&#8221; module_id=&#8221;et_pb_contact_form_0&#8243; _builder_version=&#8221;4.9.0&#8243; form_field_background_color=&#8221;rgba(255,255,255,0)&#8221; form_field_text_color=&#8221;#FFFFFF&#8221; form_field_focus_background_color=&#8221;RGBA(0,0,0,0)&#8221; form_field_focus_text_color=&#8221;#ffffff&#8221; title_font=&#8221;Signika||||||||&#8221; title_text_color=&#8221;#FFFFFF&#8221; title_font_size=&#8221;23px&#8221; captcha_font=&#8221;Signika||||||||&#8221; captcha_text_color=&#8221;#FFFFFF&#8221; captcha_font_size=&#8221;16px&#8221; form_field_font=&#8221;Signika||||||||&#8221; form_field_font_size=&#8221;16px&#8221; form_field_letter_spacing=&#8221;1px&#8221; form_field_line_height=&#8221;1.1em&#8221; custom_button=&#8221;on&#8221; button_text_size=&#8221;17px&#8221; button_text_color=&#8221;#FFFFFF&#8221; button_bg_color=&#8221;#00e8b5&#8243; button_border_width=&#8221;0px&#8221; button_border_color=&#8221;#000000&#8243; button_border_radius=&#8221;100px&#8221; button_letter_spacing=&#8221;0px&#8221; button_font=&#8221;Signika|||on|||||&#8221; button_icon=&#8221;%%24%%&#8221; button_icon_color=&#8221;#ffffff&#8221; max_width=&#8221;800px&#8221; module_alignment=&#8221;center&#8221; custom_margin=&#8221;-35px||-95px|||&#8221; animation_style=&#8221;fade&#8221; border_width_bottom=&#8221;2px&#8221; border_color_bottom=&#8221;#00e8b5&#8243; box_shadow_style=&#8221;preset7&#8243; box_shadow_horizontal=&#8221;0px&#8221; box_shadow_vertical=&#8221;-1px&#8221; box_shadow_color=&#8221;rgba(0,0,0,0.18)&#8221; form_background_color=&#8221;rgba(255,255,255,0)&#8221; button_text_color_hover=&#8221;#ffffff&#8221; button_bg_color_hover=&#8221;rgba(0,0,0,0)&#8221; button_border_color_hover=&#8221;#ffffff&#8221; button_letter_spacing_hover=&#8221;2px&#8221;][et_pb_contact_field field_id=&#8221;Name&#8221; field_title=&#8221;Meno&#8221; fullwidth_field=&#8221;on&#8221; _builder_version=&#8221;4.9.0&#8243; button_text_size__hover_enabled=&#8221;off&#8221; button_one_text_size__hover_enabled=&#8221;off&#8221; button_two_text_size__hover_enabled=&#8221;off&#8221; button_text_color__hover_enabled=&#8221;off&#8221; button_one_text_color__hover_enabled=&#8221;off&#8221; button_two_text_color__hover_enabled=&#8221;off&#8221; button_border_width__hover_enabled=&#8221;off&#8221; button_one_border_width__hover_enabled=&#8221;off&#8221; button_two_border_width__hover_enabled=&#8221;off&#8221; button_border_color__hover_enabled=&#8221;off&#8221; button_one_border_color__hover_enabled=&#8221;off&#8221; button_two_border_color__hover_enabled=&#8221;off&#8221; button_border_radius__hover_enabled=&#8221;off&#8221; button_one_border_radius__hover_enabled=&#8221;off&#8221; button_two_border_radius__hover_enabled=&#8221;off&#8221; button_letter_spacing__hover_enabled=&#8221;off&#8221; button_one_letter_spacing__hover_enabled=&#8221;off&#8221; button_two_letter_spacing__hover_enabled=&#8221;off&#8221; button_bg_color__hover_enabled=&#8221;off&#8221; button_one_bg_color__hover_enabled=&#8221;off&#8221; button_two_bg_color__hover_enabled=&#8221;off&#8221;][\/et_pb_contact_field][et_pb_contact_field field_id=&#8221;Email&#8221; field_title=&#8221;E-mail&#8221; field_type=&#8221;email&#8221; fullwidth_field=&#8221;on&#8221; _builder_version=&#8221;4.9.0&#8243; button_text_size__hover_enabled=&#8221;off&#8221; button_one_text_size__hover_enabled=&#8221;off&#8221; button_two_text_size__hover_enabled=&#8221;off&#8221; button_text_color__hover_enabled=&#8221;off&#8221; button_one_text_color__hover_enabled=&#8221;off&#8221; button_two_text_color__hover_enabled=&#8221;off&#8221; button_border_width__hover_enabled=&#8221;off&#8221; button_one_border_width__hover_enabled=&#8221;off&#8221; button_two_border_width__hover_enabled=&#8221;off&#8221; button_border_color__hover_enabled=&#8221;off&#8221; button_one_border_color__hover_enabled=&#8221;off&#8221; button_two_border_color__hover_enabled=&#8221;off&#8221; button_border_radius__hover_enabled=&#8221;off&#8221; button_one_border_radius__hover_enabled=&#8221;off&#8221; button_two_border_radius__hover_enabled=&#8221;off&#8221; button_letter_spacing__hover_enabled=&#8221;off&#8221; button_one_letter_spacing__hover_enabled=&#8221;off&#8221; button_two_letter_spacing__hover_enabled=&#8221;off&#8221; button_bg_color__hover_enabled=&#8221;off&#8221; button_one_bg_color__hover_enabled=&#8221;off&#8221; button_two_bg_color__hover_enabled=&#8221;off&#8221;][\/et_pb_contact_field][et_pb_contact_field field_id=&#8221;Message&#8221; field_title=&#8221;Spr\u00e1va&#8221; field_type=&#8221;text&#8221; fullwidth_field=&#8221;on&#8221; _builder_version=&#8221;4.9.0&#8243; custom_margin=&#8221;||30px||false|false&#8221; custom_padding=&#8221;|||&#8221; button_text_size__hover_enabled=&#8221;off&#8221; button_one_text_size__hover_enabled=&#8221;off&#8221; button_two_text_size__hover_enabled=&#8221;off&#8221; button_text_color__hover_enabled=&#8221;off&#8221; button_one_text_color__hover_enabled=&#8221;off&#8221; button_two_text_color__hover_enabled=&#8221;off&#8221; button_border_width__hover_enabled=&#8221;off&#8221; button_one_border_width__hover_enabled=&#8221;off&#8221; button_two_border_width__hover_enabled=&#8221;off&#8221; button_border_color__hover_enabled=&#8221;off&#8221; button_one_border_color__hover_enabled=&#8221;off&#8221; button_two_border_color__hover_enabled=&#8221;off&#8221; button_border_radius__hover_enabled=&#8221;off&#8221; button_one_border_radius__hover_enabled=&#8221;off&#8221; button_two_border_radius__hover_enabled=&#8221;off&#8221; button_letter_spacing__hover_enabled=&#8221;off&#8221; button_one_letter_spacing__hover_enabled=&#8221;off&#8221; button_two_letter_spacing__hover_enabled=&#8221;off&#8221; button_bg_color__hover_enabled=&#8221;off&#8221; button_one_bg_color__hover_enabled=&#8221;off&#8221; button_two_bg_color__hover_enabled=&#8221;off&#8221;][\/et_pb_contact_field][et_pb_contact_field field_id=&#8221;Privacy&#8221; field_title=&#8221; &#8221; field_type=&#8221;checkbox&#8221; checkbox_options=&#8221;%91{%22value%22:%22S\u00fahlas so spracovan\u00edm osobn\u00fdch \u00fadajov. Osobn\u00e9 \u00fadaje sprac\u00favan\u00e9 na z\u00e1klade tohto kontaktn\u00e9ho formul\u00e1ru sprac\u00fava prev\u00e1dzkovate\u013e WaterHolistic s.r.o. a s\u00fa sprac\u00favan\u00e9 v rozsahu e-mailovej adresy len pre \u00fa\u010dely sp\u00e4tn\u00e9ho kontaktovania po dobu 6 mesiacov. Inform\u00e1cia o sprac\u00favan\u00ed osobn\u00fdch \u00fadajov a o pr\u00e1vach dotknut\u00fdch os\u00f4b je bli\u017e\u0161ie uveden\u00e1 v \u010dasti %22,%22checked%22:0,%22dragID%22:-1,%22link_url%22:%22https:\/\/www.waterholistic.com\/privacy-policy-sk\/?lang=sk%22,%22link_text%22:%22Privacy Policy%22}%93&#8243; fullwidth_field=&#8221;on&#8221; _builder_version=&#8221;4.9.0&#8243; form_field_focus_background_color=&#8221;RGBA(0,0,0,0)&#8221; form_field_font_size=&#8221;14px&#8221; form_field_line_height=&#8221;1.2em&#8221; border_width_all=&#8221;3px&#8221; border_color_all=&#8221;#00e8b5&#8243; button_text_size__hover_enabled=&#8221;off&#8221; button_one_text_size__hover_enabled=&#8221;off&#8221; button_two_text_size__hover_enabled=&#8221;off&#8221; button_text_color__hover_enabled=&#8221;off&#8221; button_one_text_color__hover_enabled=&#8221;off&#8221; button_two_text_color__hover_enabled=&#8221;off&#8221; button_border_width__hover_enabled=&#8221;off&#8221; button_one_border_width__hover_enabled=&#8221;off&#8221; button_two_border_width__hover_enabled=&#8221;off&#8221; button_border_color__hover_enabled=&#8221;off&#8221; button_one_border_color__hover_enabled=&#8221;off&#8221; button_two_border_color__hover_enabled=&#8221;off&#8221; button_border_radius__hover_enabled=&#8221;off&#8221; button_one_border_radius__hover_enabled=&#8221;off&#8221; button_two_border_radius__hover_enabled=&#8221;off&#8221; button_letter_spacing__hover_enabled=&#8221;off&#8221; button_one_letter_spacing__hover_enabled=&#8221;off&#8221; button_two_letter_spacing__hover_enabled=&#8221;off&#8221; button_bg_color__hover_enabled=&#8221;off&#8221; button_one_bg_color__hover_enabled=&#8221;off&#8221; button_two_bg_color__hover_enabled=&#8221;off&#8221;][\/et_pb_contact_field][\/et_pb_contact_form][\/et_pb_column][\/et_pb_row][\/et_pb_section]<\/p>\n","protected":false},"excerpt":{"rendered":"<p>[et_pb_section fb_built=&#8221;1&#8243; next_background_color=&#8221;#ffffff&#8221; _builder_version=&#8221;4.9.0&#8243; background_enable_color=&#8221;off&#8221; background_image=&#8221;https:\/\/www.waterholistic.com\/wp-content\/uploads\/2023\/09\/Asset-21.png&#8221; min_height=&#8221;176px&#8221; custom_padding=&#8221;0px|0px|30px|0px|false|false&#8221; bottom_divider_style=&#8221;wave&#8221; bottom_divider_height=&#8221;82px&#8221; animation_style=&#8221;zoom&#8221; animation_intensity_zoom=&#8221;4%&#8221;][et_pb_row _builder_version=&#8221;4.9.0&#8243; _module_preset=&#8221;default&#8221; custom_margin=&#8221;|auto|26px|auto||&#8221; custom_padding=&#8221;53px|||||&#8221;][et_pb_column type=&#8221;4_4&#8243; _builder_version=&#8221;4.9.0&#8243; _module_preset=&#8221;default&#8221;][et_pb_text _builder_version=&#8221;4.9.0&#8243; _module_preset=&#8221;default&#8221; text_font=&#8221;Signika|600|||||||&#8221; text_text_color=&#8221;#FFFFFF&#8221; text_font_size=&#8221;45px&#8221; text_line_height=&#8221;1.2em&#8221; header_font=&#8221;Signika|600|||||||&#8221; header_text_color=&#8221;#FFFFFF&#8221; header_font_size=&#8221;45px&#8221; header_line_height=&#8221;1.2em&#8221; module_alignment=&#8221;center&#8221; custom_padding=&#8221;||30px||false|false&#8221;] Kontaktujte n\u00e1s [\/et_pb_text][\/et_pb_column][\/et_pb_row][\/et_pb_section][et_pb_section fb_built=&#8221;1&#8243; admin_label=&#8221;Contact Section&#8221; _builder_version=&#8221;4.9.0&#8243; background_enable_image=&#8221;off&#8221; parallax=&#8221;on&#8221; min_height=&#8221;451px&#8221; custom_margin=&#8221;10px|||||&#8221; custom_padding=&#8221;0px||0px|||&#8221;][et_pb_row column_structure=&#8221;1_2,1_2&#8243; admin_label=&#8221;Contact Area&#8221; _builder_version=&#8221;4.9.0&#8243; animation_style=&#8221;zoom&#8221; animation_intensity_zoom=&#8221;20%&#8221;][et_pb_column type=&#8221;1_2&#8243; _builder_version=&#8221;3.25&#8243; custom_padding=&#8221;|||&#8221; custom_padding__hover=&#8221;|||&#8221;][et_pb_text _builder_version=&#8221;4.9.0&#8243; text_font=&#8221;Signika||||||||&#8221; [&hellip;]<\/p>\n","protected":false},"author":7,"featured_media":0,"parent":0,"menu_order":0,"comment_status":"closed","ping_status":"closed","template":"","meta":{"_et_pb_use_builder":"on","_et_pb_old_content":"","_et_gb_content_width":"","_editorskit_title_hidden":false,"_editorskit_reading_time":0,"_editorskit_is_block_options_detached":false,"_editorskit_block_options_position":"{}","_monsterinsights_skip_tracking":false,"_monsterinsights_sitenote_active":false,"_monsterinsights_sitenote_note":"","_monsterinsights_sitenote_category":0},"yoast_head":"<!-- This site is optimized with the Yoast SEO plugin v15.8 - https:\/\/yoast.com\/wordpress\/plugins\/seo\/ -->\n<title>Kontaktuje N\u00e1s \u2013 Water Holistic<\/title>\n<meta name=\"description\" content=\"Pom\u00f4\u017eeme v\u00e1m s rie\u0161en\u00edm v\u00e1\u0161ho projektu? Kontaktujte n\u00e1s a n\u00e1jdeme spolu rie\u0161enie.\" \/>\n<meta name=\"robots\" content=\"index, follow, max-snippet:-1, max-image-preview:large, max-video-preview:-1\" \/>\n<link rel=\"canonical\" href=\"https:\/\/www.waterholistic.com\/sk\/kontakt\/\" \/>\n<meta property=\"og:locale\" content=\"sk_SK\" \/>\n<meta property=\"og:type\" content=\"article\" \/>\n<meta property=\"og:title\" content=\"Kontaktuje N\u00e1s \u2013 Water Holistic\" \/>\n<meta property=\"og:description\" content=\"Pom\u00f4\u017eeme v\u00e1m s rie\u0161en\u00edm v\u00e1\u0161ho projektu? Kontaktujte n\u00e1s a n\u00e1jdeme spolu rie\u0161enie.\" \/>\n<meta property=\"og:url\" content=\"https:\/\/www.waterholistic.com\/sk\/kontakt\/\" \/>\n<meta property=\"og:site_name\" content=\"waterholistic.com\" \/>\n<meta property=\"article:modified_time\" content=\"2024-02-16T09:25:59+00:00\" \/>\n<meta name=\"twitter:card\" content=\"summary_large_image\" \/>\n<meta name=\"twitter:label1\" content=\"Predpokladan\u00fd \u010das \u010d\u00edtania\">\n\t<meta name=\"twitter:data1\" content=\"2 min\u00faty\">\n<script type=\"application\/ld+json\" class=\"yoast-schema-graph\">{\"@context\":\"https:\/\/schema.org\",\"@graph\":[{\"@type\":\"WebSite\",\"@id\":\"https:\/\/www.waterholistic.com\/#website\",\"url\":\"https:\/\/www.waterholistic.com\/\",\"name\":\"waterholistic.com\",\"description\":\"Manage rainwater efficiently, protect yourself from extreme weather and save money.\",\"potentialAction\":[{\"@type\":\"SearchAction\",\"target\":\"https:\/\/www.waterholistic.com\/?s={search_term_string}\",\"query-input\":\"required name=search_term_string\"}],\"inLanguage\":\"sk-SK\"},{\"@type\":\"WebPage\",\"@id\":\"https:\/\/www.waterholistic.com\/sk\/kontakt\/#webpage\",\"url\":\"https:\/\/www.waterholistic.com\/sk\/kontakt\/\",\"name\":\"Kontaktuje N\\u00e1s \\u2013 Water Holistic\",\"isPartOf\":{\"@id\":\"https:\/\/www.waterholistic.com\/#website\"},\"datePublished\":\"2023-11-19T12:39:18+00:00\",\"dateModified\":\"2024-02-16T09:25:59+00:00\",\"description\":\"Pom\\u00f4\\u017eeme v\\u00e1m s rie\\u0161en\\u00edm v\\u00e1\\u0161ho projektu? Kontaktujte n\\u00e1s a n\\u00e1jdeme spolu rie\\u0161enie.\",\"breadcrumb\":{\"@id\":\"https:\/\/www.waterholistic.com\/sk\/kontakt\/#breadcrumb\"},\"inLanguage\":\"sk-SK\",\"potentialAction\":[{\"@type\":\"ReadAction\",\"target\":[\"https:\/\/www.waterholistic.com\/sk\/kontakt\/\"]}]},{\"@type\":\"BreadcrumbList\",\"@id\":\"https:\/\/www.waterholistic.com\/sk\/kontakt\/#breadcrumb\",\"itemListElement\":[{\"@type\":\"ListItem\",\"position\":1,\"item\":{\"@type\":\"WebPage\",\"@id\":\"https:\/\/www.waterholistic.com\/sk\/\",\"url\":\"https:\/\/www.waterholistic.com\/sk\/\",\"name\":\"Home\"}},{\"@type\":\"ListItem\",\"position\":2,\"item\":{\"@type\":\"WebPage\",\"@id\":\"https:\/\/www.waterholistic.com\/sk\/kontakt\/\",\"url\":\"https:\/\/www.waterholistic.com\/sk\/kontakt\/\",\"name\":\"Kontakt\"}}]}]}<\/script>\n<!-- \/ Yoast SEO plugin. -->","_links":{"self":[{"href":"https:\/\/www.waterholistic.com\/sk\/wp-json\/wp\/v2\/pages\/6018"}],"collection":[{"href":"https:\/\/www.waterholistic.com\/sk\/wp-json\/wp\/v2\/pages"}],"about":[{"href":"https:\/\/www.waterholistic.com\/sk\/wp-json\/wp\/v2\/types\/page"}],"author":[{"embeddable":true,"href":"https:\/\/www.waterholistic.com\/sk\/wp-json\/wp\/v2\/users\/7"}],"replies":[{"embeddable":true,"href":"https:\/\/www.waterholistic.com\/sk\/wp-json\/wp\/v2\/comments?post=6018"}],"version-history":[{"count":6,"href":"https:\/\/www.waterholistic.com\/sk\/wp-json\/wp\/v2\/pages\/6018\/revisions"}],"predecessor-version":[{"id":8176,"href":"https:\/\/www.waterholistic.com\/sk\/wp-json\/wp\/v2\/pages\/6018\/revisions\/8176"}],"wp:attachment":[{"href":"https:\/\/www.waterholistic.com\/sk\/wp-json\/wp\/v2\/media?parent=6018"}],"curies":[{"name":"wp","href":"https:\/\/api.w.org\/{rel}","templated":true}]}}